{"id":16104,"date":"2014-07-07T16:36:43","date_gmt":"2014-07-07T16:36:43","guid":{"rendered":"http:\/\/8theme.com\/demo\/royal\/?page_id=16104"},"modified":"2026-02-26T16:26:25","modified_gmt":"2026-02-26T16:26:25","slug":"home","status":"publish","type":"page","link":"https:\/\/celoplas.pt\/en\/","title":{"rendered":"HOME"},"content":{"rendered":"<div class=\"wpb-content-wrapper\"><p>[vc_row][vc_column][vc_empty_space height=&#8221;15px&#8221;][\/vc_column][\/vc_row][vc_row][vc_column width=&#8221;1\/6&#8243;][\/vc_column][vc_column width=&#8221;2\/3&#8243;]<div id=\"ultimate-heading-222669f0969766e5a\" class=\"uvc-heading ult-adjust-bottom-margin ultimate-heading-222669f0969766e5a uvc-1583 \" data-hspacer=\"no_spacer\"  data-halign=\"center\" style=\"text-align:center\"><div class=\"uvc-heading-spacer no_spacer\" style=\"top\"><\/div><div class=\"uvc-main-heading ult-responsive\"  data-ultimate-target='.uvc-heading.ultimate-heading-222669f0969766e5a h2'  data-responsive-json-new='{\"font-size\":\"desktop:38px;\",\"line-height\":\"\"}' ><h2 style=\"font-family:&#039;Open Sans&#039;;font-weight:300;\">THE COMPANY<\/h2><\/div><\/div>[vc_empty_space height=&#8221;64px&#8221;][vc_raw_html css=&#8221;&#8221;]JTNDdmlkZW8lMjBhdXRvcGxheSUyMG11dGVkJTIwbG9vcCUyMHBsYXlzaW5saW5lJTIwY29udHJvbHMlM0UlMEElM0Nzb3VyY2UlMjBzcmMlM0QlMjJodHRwJTNBJTJGJTJGY2Vsb3BsYXMucHQlMkZtdWx0aW1lZGlhJTJGQ2Vsb3BsYXNfRU5HX1Y3LXdlYi1zbWFsbC5tcDQlMjIlMjB0eXBlJTNEJTIydmlkZW8lMkZtcDQlMjIlM0UlMEFPJTIwdGV1JTIwYnJvd3NlciUyMG4lQzMlQTNvJTIwc3Vwb3J0YSUyMGElMjB0YWclMjBkZSUyMHYlQzMlQURkZW8uJTBBJTNDJTJGdmlkZW8lM0U=[\/vc_raw_html][\/vc_column][vc_column width=&#8221;1\/6&#8243;][\/vc_column][\/vc_row][vc_row][vc_column][vc_empty_space height=&#8221;50&#8243;][\/vc_column][\/vc_row][vc_row full_width=&#8221;stretch_row_content_no_spaces&#8221; equal_height=&#8221;yes&#8221; content_placement=&#8221;top&#8221;][\/vc_row][vc_column width=&#8221;1\/6&#8243;][\/vc_column][vc_column width=&#8221;4\/6&#8243;][\/vc_column]<div id=\"ultimate-heading-859469f0969766ebc\" class=\"uvc-heading ult-adjust-bottom-margin ultimate-heading-859469f0969766ebc uvc-3726 \" data-hspacer=\"no_spacer\"  data-halign=\"left\" style=\"text-align:left\"><div class=\"uvc-heading-spacer no_spacer\" style=\"top\"><\/div><div class=\"uvc-sub-heading ult-responsive\"  data-ultimate-target='.uvc-heading.ultimate-heading-859469f0969766ebc .uvc-sub-heading '  data-responsive-json-new='{\"font-size\":\"desktop:18px;\",\"line-height\":\"\"}'  style=\"font-family:&#039;Open Sans&#039;;font-weight:300;\"><\/p>\n<p style=\"text-align: justify;\">Celopl\u00e1s, Pl\u00e1sticos para a Ind\u00fastria S.A. was founded in 1989 and today has a building area of 16 500m\u00b2 in a total area of 44 000m\u00b2. The current team has more than 200 employees, working 24 hours a day, 7 days a week, on a production hall with more than 80 injection moulding machines.<\/p>\n<p style=\"text-align: justify;\">Today, Celopl\u00e1s projects, develops and manufactures more than 200 million of technical and precision components per year, by injection moulding and micro injection moulding, \u00a0using more than 200 different types of thermoplastics and liquid silicon rubber materials, for automotive, electronics, electrical, optics, construction, medical, food contact and other industries.<\/p>\n<p style=\"text-align: justify;\">Along with this activity, Celopl\u00e1s develops and manufactures precision moulds and micro moulds, for own production, using the most recent machining and micromachining technologies.<\/p>\n<p style=\"text-align: justify;\">Celopl\u00e1s invests in ongoing training of its human resources, products\u2019 quality, processes and products innovation, enhancing competitiveness and being recognized as a European reference on the development and production of components in high technological clusters, using polymeric materials.<\/p>\n<p style=\"text-align: justify;\"><b>Mission:<\/b> To maximize value and benefit in a strategic position of excellence in the business of developing high-tech products in partnership with our customers, using polymer materials.<\/p>\n<p style=\"text-align: justify;\"><b>Vision: <\/b>\u00a0To grow up solidly by optimizing the knowledge and by responding to the business demands in the global market bearing in mind the perspective of the customer, society, innovation, learning and shareholders.<\/p>\n<p style=\"text-align: justify;\"><b>Values: <\/b><em>Shareholders<\/em>: commitment, consensus, honesty and sustained growth; <em>Customers<\/em>: partnership, communication, confidentiality, lasting commitment, satisfaction and trust; <em>Suppliers<\/em>: partnership, honesty, skills, communication, performance and confidentiality; <em>Organization and Society<\/em>: dedication and pro-activity, skills, versatility, brand image and social commitment.<\/p>\n<p><\/div><\/div>[vc_row][vc_column][\/vc_column][\/vc_row][vc_row][vc_column][\/vc_column][\/vc_row][vc_row][vc_column][\/vc_column][\/vc_row]<\/p>\n<\/div>","protected":false},"excerpt":{"rendered":"<p>[vc_row][vc_column][vc_empty_space height=&#8221;15px&#8221;][\/vc_column][\/vc_row][vc_row][vc_column width=&#8221;1\/6&#8243;][\/vc_column][vc_column width=&#8221;2\/3&#8243;][vc_empty_space height=&#8221;64px&#8221;][vc_raw_html css=&#8221;&#8221;]JTNDdmlkZW8lMjBhdXRvcGxheSUyMG11dGVkJTIwbG9vcCUyMHBsYXlzaW5saW5lJTIwY29udHJvbHMlM0UlMEElM0Nzb3VyY2UlMjBzcmMlM0QlMjJodHRwJTNBJTJGJTJGY2Vsb3BsYXMucHQlMkZtdWx0aW1lZGlhJTJGQ2Vsb3BsYXNfRU5HX1Y3LXdlYi1zbWFsbC5tcDQlMjIlMjB0eXBlJTNEJTIydmlkZW8lMkZtcDQlMjIlM0UlMEFPJTIwdGV1JTIwYnJvd3NlciUyMG4lQzMlQTNvJTIwc3Vwb3J0YSUyMGElMjB0YWclMjBkZSUyMHYlQzMlQURkZW8uJTBBJTNDJTJGdmlkZW8lM0U=[\/vc_raw_html][\/vc_column][vc_column width=&#8221;1\/6&#8243;][\/vc_column][\/vc_row][vc_row][vc_column][vc_empty_space height=&#8221;50&#8243;][\/vc_column][\/vc_row][vc_row full_width=&#8221;stretch_row_content_no_spaces&#8221; equal_height=&#8221;yes&#8221; content_placement=&#8221;top&#8221;][\/vc_row][vc_column width=&#8221;1\/6&#8243;][\/vc_column][vc_column width=&#8221;4\/6&#8243;][\/vc_column][vc_row][vc_column][\/vc_column][\/vc_row][vc_row][vc_column][\/vc_column][\/vc_row][vc_row][vc_column][\/vc_column][\/vc_row]<\/p>\n","protected":false},"author":1,"featured_media":0,"parent":0,"menu_order":0,"comment_status":"open","ping_status":"closed","template":"","meta":{"_monsterinsights_skip_tracking":false,"_monsterinsights_sitenote_active":false,"_monsterinsights_sitenote_note":"","_monsterinsights_sitenote_category":0,"footnotes":""},"class_list":["post-16104","page","type-page","status-publish","hentry"],"_links":{"self":[{"href":"https:\/\/celoplas.pt\/en\/wp-json\/wp\/v2\/pages\/16104","targetHints":{"allow":["GET"]}}],"collection":[{"href":"https:\/\/celoplas.pt\/en\/wp-json\/wp\/v2\/pages"}],"about":[{"href":"https:\/\/celoplas.pt\/en\/wp-json\/wp\/v2\/types\/page"}],"author":[{"embeddable":true,"href":"https:\/\/celoplas.pt\/en\/wp-json\/wp\/v2\/users\/1"}],"replies":[{"embeddable":true,"href":"https:\/\/celoplas.pt\/en\/wp-json\/wp\/v2\/comments?post=16104"}],"version-history":[{"count":9,"href":"https:\/\/celoplas.pt\/en\/wp-json\/wp\/v2\/pages\/16104\/revisions"}],"predecessor-version":[{"id":23966,"href":"https:\/\/celoplas.pt\/en\/wp-json\/wp\/v2\/pages\/16104\/revisions\/23966"}],"wp:attachment":[{"href":"https:\/\/celoplas.pt\/en\/wp-json\/wp\/v2\/media?parent=16104"}],"curies":[{"name":"wp","href":"https:\/\/api.w.org\/{rel}","templated":true}]}}